{"id":6713,"date":"2024-05-28T14:40:42","date_gmt":"2024-05-28T14:40:42","guid":{"rendered":"https:\/\/sushibarboketto.rs\/?page_id=6713"},"modified":"2024-06-16T15:19:08","modified_gmt":"2024-06-16T15:19:08","slug":"zaposlenje-sushi-majstor-pomocni-kuvar-konobar-sanker","status":"publish","type":"page","link":"https:\/\/sushibarboketto.rs\/sr\/zaposlenje-sushi-majstor-pomocni-kuvar-konobar-sanker\/","title":{"rendered":"Zaposlenje: sushi majstor &#8211; pomo\u0107ni kuvar &#8211; konobar &#8211; \u0161anker"},"content":{"rendered":"<div data-elementor-type=\"wp-page\" data-elementor-id=\"6713\" class=\"elementor elementor-6713\" data-elementor-post-type=\"page\">\n\t\t\t\t\t\t<section class=\"elementor-section elementor-top-section elementor-element elementor-element-7538bb6 elementor-section-boxed elementor-section-height-default elementor-section-height-default wpr-particle-no wpr-jarallax-no wpr-parallax-no wpr-sticky-section-no\" data-id=\"7538bb6\" data-element_type=\"section\" data-e-type=\"section\">\n\t\t\t\t\t\t<div class=\"elementor-container elementor-column-gap-default\">\n\t\t\t\t\t<div class=\"elementor-column elementor-col-100 elementor-top-column elementor-element elementor-element-6bf6074\" data-id=\"6bf6074\" data-element_type=\"column\" data-e-type=\"column\">\n\t\t\t<div class=\"elementor-widget-wrap elementor-element-populated\">\n\t\t\t\t\t\t<div class=\"elementor-element elementor-element-6780921 elementor-widget elementor-widget-heading\" data-id=\"6780921\" data-element_type=\"widget\" data-e-type=\"widget\" data-widget_type=\"heading.default\">\n\t\t\t\t<div class=\"elementor-widget-container\">\n\t\t\t\t\t<h1 class=\"elementor-heading-title elementor-size-default\">Tra\u017eite posao?<\/h1>\t\t\t\t<\/div>\n\t\t\t\t<\/div>\n\t\t\t\t<div class=\"elementor-element elementor-element-084ed58 elementor-widget elementor-widget-heading\" data-id=\"084ed58\" data-element_type=\"widget\" data-e-type=\"widget\" data-widget_type=\"heading.default\">\n\t\t\t\t<div class=\"elementor-widget-container\">\n\t\t\t\t\t<h3 class=\"elementor-heading-title elementor-size-default\">\u0160irimo tim, hitno nam je potreban:<\/h3>\t\t\t\t<\/div>\n\t\t\t\t<\/div>\n\t\t\t\t\t<\/div>\n\t\t<\/div>\n\t\t\t\t\t<\/div>\n\t\t<\/section>\n\t\t\t\t<section class=\"elementor-section elementor-top-section elementor-element elementor-element-a24de9a elementor-section-boxed elementor-section-height-default elementor-section-height-default wpr-particle-no wpr-jarallax-no wpr-parallax-no wpr-sticky-section-no\" data-id=\"a24de9a\" data-element_type=\"section\" data-e-type=\"section\">\n\t\t\t\t\t\t<div class=\"elementor-container elementor-column-gap-default\">\n\t\t\t\t\t<div class=\"elementor-column elementor-col-100 elementor-top-column elementor-element elementor-element-6ec7656\" data-id=\"6ec7656\" data-element_type=\"column\" data-e-type=\"column\">\n\t\t\t<div class=\"elementor-widget-wrap elementor-element-populated\">\n\t\t\t\t\t\t<section class=\"elementor-section elementor-inner-section elementor-element elementor-element-764be5e elementor-section-boxed elementor-section-height-default elementor-section-height-default wpr-particle-no wpr-jarallax-no wpr-parallax-no wpr-sticky-section-no\" data-id=\"764be5e\" data-element_type=\"section\" data-e-type=\"section\">\n\t\t\t\t\t\t<div class=\"elementor-container elementor-column-gap-default\">\n\t\t\t\t\t<div class=\"elementor-column elementor-col-50 elementor-inner-column elementor-element elementor-element-dde80e8\" data-id=\"dde80e8\" data-element_type=\"column\" data-e-type=\"column\">\n\t\t\t<div class=\"elementor-widget-wrap elementor-element-populated\">\n\t\t\t\t\t\t<div class=\"elementor-element elementor-element-002d9c6 elementor-widget elementor-widget-heading\" data-id=\"002d9c6\" data-element_type=\"widget\" data-e-type=\"widget\" data-widget_type=\"heading.default\">\n\t\t\t\t<div class=\"elementor-widget-container\">\n\t\t\t\t\t<h4 class=\"elementor-heading-title elementor-size-default\">Sushi majstor (m\/\u017e)<\/h4>\t\t\t\t<\/div>\n\t\t\t\t<\/div>\n\t\t\t\t<div class=\"elementor-element elementor-element-167a04a elementor-widget elementor-widget-text-editor\" data-id=\"167a04a\" data-element_type=\"widget\" data-e-type=\"widget\" data-widget_type=\"text-editor.default\">\n\t\t\t\t<div class=\"elementor-widget-container\">\n\t\t\t\t\t\t\t\t\t<p>U potrazi smo za sushi majstorom i pomo\u0107nim kuvarom za stalni radni odnos.\u00a0<\/p>\t\t\t\t\t\t\t\t<\/div>\n\t\t\t\t<\/div>\n\t\t\t\t\t<\/div>\n\t\t<\/div>\n\t\t\t\t<div class=\"elementor-column elementor-col-50 elementor-inner-column elementor-element elementor-element-ca365b9\" data-id=\"ca365b9\" data-element_type=\"column\" data-e-type=\"column\">\n\t\t\t<div class=\"elementor-widget-wrap elementor-element-populated\">\n\t\t\t\t\t\t<div class=\"elementor-element elementor-element-a2f80b5 elementor-widget elementor-widget-heading\" data-id=\"a2f80b5\" data-element_type=\"widget\" data-e-type=\"widget\" data-widget_type=\"heading.default\">\n\t\t\t\t<div class=\"elementor-widget-container\">\n\t\t\t\t\t<h4 class=\"elementor-heading-title elementor-size-default\">Konobar \/ \u0161anker  (m\/\u017e)<br><\/h4>\t\t\t\t<\/div>\n\t\t\t\t<\/div>\n\t\t\t\t<div class=\"elementor-element elementor-element-f96af2e elementor-widget elementor-widget-text-editor\" data-id=\"f96af2e\" data-element_type=\"widget\" data-e-type=\"widget\" data-widget_type=\"text-editor.default\">\n\t\t\t\t<div class=\"elementor-widget-container\">\n\t\t\t\t\t\t\t\t\t<p>U potrazi smo za konobarom, \u0161ankerom\/\u0161ankericom sa iskustvom za stalni radni odnos.<\/p>\t\t\t\t\t\t\t\t<\/div>\n\t\t\t\t<\/div>\n\t\t\t\t\t<\/div>\n\t\t<\/div>\n\t\t\t\t\t<\/div>\n\t\t<\/section>\n\t\t\t\t<div class=\"elementor-element elementor-element-321351d elementor-widget elementor-widget-text-editor\" data-id=\"321351d\" data-element_type=\"widget\" data-e-type=\"widget\" data-widget_type=\"text-editor.default\">\n\t\t\t\t<div class=\"elementor-widget-container\">\n\t\t\t\t\t\t\t\t\t<p>Ukoliko poznaje\u0161 nekoga ko voli Japansku kuhinju, ima ili nema iskustva u istoj a tra\u017ei posao, svratite zajedno na pi\u0107e u restoran Boketto, <strong>ku\u0107a \u010dasti jer ste u\u010dinili dobro delo<\/strong> i pomogli nam da pro\u0161irimo tim kvalitetnim osobljem.<\/p>\t\t\t\t\t\t\t\t<\/div>\n\t\t\t\t<\/div>\n\t\t\t\t<section class=\"elementor-section elementor-inner-section elementor-element elementor-element-e7016af elementor-section-content-middle elementor-section-boxed elementor-section-height-default elementor-section-height-default wpr-particle-no wpr-jarallax-no wpr-parallax-no wpr-sticky-section-no\" data-id=\"e7016af\" data-element_type=\"section\" data-e-type=\"section\">\n\t\t\t\t\t\t<div class=\"elementor-container elementor-column-gap-default\">\n\t\t\t\t\t<div class=\"elementor-column elementor-col-50 elementor-inner-column elementor-element elementor-element-d13d64c\" data-id=\"d13d64c\" data-element_type=\"column\" data-e-type=\"column\">\n\t\t\t<div class=\"elementor-widget-wrap elementor-element-populated\">\n\t\t\t\t\t\t<div class=\"elementor-element elementor-element-550e11d elementor-widget elementor-widget-heading\" data-id=\"550e11d\" data-element_type=\"widget\" data-e-type=\"widget\" data-widget_type=\"heading.default\">\n\t\t\t\t<div class=\"elementor-widget-container\">\n\t\t\t\t\t<h4 class=\"elementor-heading-title elementor-size-default\">Za sve informacije<\/h4>\t\t\t\t<\/div>\n\t\t\t\t<\/div>\n\t\t\t\t<div class=\"elementor-element elementor-element-bbaba2e elementor-align-center elementor-widget elementor-widget-button\" data-id=\"bbaba2e\" data-element_type=\"widget\" data-e-type=\"widget\" data-widget_type=\"button.default\">\n\t\t\t\t<div class=\"elementor-widget-container\">\n\t\t\t\t\t\t\t\t\t<div class=\"elementor-button-wrapper\">\n\t\t\t\t\t<a class=\"elementor-button elementor-button-link elementor-size-sm\" href=\"tel:+381658095033\">\n\t\t\t\t\t\t<span class=\"elementor-button-content-wrapper\">\n\t\t\t\t\t\t<span class=\"elementor-button-icon\">\n\t\t\t\t<i aria-hidden=\"true\" class=\"fas fa-phone-alt\"><\/i>\t\t\t<\/span>\n\t\t\t\t\t\t\t\t\t<span class=\"elementor-button-text\">065\/8095-033<\/span>\n\t\t\t\t\t<\/span>\n\t\t\t\t\t<\/a>\n\t\t\t\t<\/div>\n\t\t\t\t\t\t\t\t<\/div>\n\t\t\t\t<\/div>\n\t\t\t\t\t<\/div>\n\t\t<\/div>\n\t\t\t\t<div class=\"elementor-column elementor-col-50 elementor-inner-column elementor-element elementor-element-94e9de9\" data-id=\"94e9de9\" data-element_type=\"column\" data-e-type=\"column\">\n\t\t\t<div class=\"elementor-widget-wrap elementor-element-populated\">\n\t\t\t\t\t\t<div class=\"elementor-element elementor-element-e94d895 elementor-widget elementor-widget-heading\" data-id=\"e94d895\" data-element_type=\"widget\" data-e-type=\"widget\" data-widget_type=\"heading.default\">\n\t\t\t\t<div class=\"elementor-widget-container\">\n\t\t\t\t\t<h4 class=\"elementor-heading-title elementor-size-default\">O\u010dekujemo Vas!<\/h4>\t\t\t\t<\/div>\n\t\t\t\t<\/div>\n\t\t\t\t<div class=\"elementor-element elementor-element-6e9a1f9 elementor-align-center elementor-widget elementor-widget-button\" data-id=\"6e9a1f9\" data-element_type=\"widget\" data-e-type=\"widget\" data-widget_type=\"button.default\">\n\t\t\t\t<div class=\"elementor-widget-container\">\n\t\t\t\t\t\t\t\t\t<div class=\"elementor-button-wrapper\">\n\t\t\t\t\t<a class=\"elementor-button elementor-button-link elementor-size-sm\" href=\"https:\/\/maps.google.com\/maps\/dir\/\/Sushi+Bar+%26+restaurant+%22Boketto%22+Bulevar+kralja+Aleksandra+312+Beograd+11000\/@44.7947098,20.4999526,16z\/data=!4m5!4m4!1m0!1m2!1m1!1s0x475a71679714009f:0xcf6960d482318f86\">\n\t\t\t\t\t\t<span class=\"elementor-button-content-wrapper\">\n\t\t\t\t\t\t<span class=\"elementor-button-icon\">\n\t\t\t\t<i aria-hidden=\"true\" class=\"fas fa-map-marker-alt\"><\/i>\t\t\t<\/span>\n\t\t\t\t\t\t\t\t\t<span class=\"elementor-button-text\">Navigacijom do nas<\/span>\n\t\t\t\t\t<\/span>\n\t\t\t\t\t<\/a>\n\t\t\t\t<\/div>\n\t\t\t\t\t\t\t\t<\/div>\n\t\t\t\t<\/div>\n\t\t\t\t\t<\/div>\n\t\t<\/div>\n\t\t\t\t\t<\/div>\n\t\t<\/section>\n\t\t\t\t\t<\/div>\n\t\t<\/div>\n\t\t\t\t\t<\/div>\n\t\t<\/section>\n\t\t\t\t<section class=\"elementor-section elementor-top-section elementor-element elementor-element-69cf689 elementor-section-boxed elementor-section-height-default elementor-section-height-default wpr-particle-no wpr-jarallax-no wpr-parallax-no wpr-sticky-section-no\" data-id=\"69cf689\" data-element_type=\"section\" data-e-type=\"section\">\n\t\t\t\t\t\t<div class=\"elementor-container elementor-column-gap-default\">\n\t\t\t\t\t<div class=\"elementor-column elementor-col-100 elementor-top-column elementor-element elementor-element-82e323c\" data-id=\"82e323c\" data-element_type=\"column\" data-e-type=\"column\">\n\t\t\t<div class=\"elementor-widget-wrap elementor-element-populated\">\n\t\t\t\t\t\t<div class=\"elementor-element elementor-element-b14a929 elementor-widget elementor-widget-spacer\" data-id=\"b14a929\" data-element_type=\"widget\" data-e-type=\"widget\" data-widget_type=\"spacer.default\">\n\t\t\t\t<div class=\"elementor-widget-container\">\n\t\t\t\t\t\t\t<div class=\"elementor-spacer\">\n\t\t\t<div class=\"elementor-spacer-inner\"><\/div>\n\t\t<\/div>\n\t\t\t\t\t\t<\/div>\n\t\t\t\t<\/div>\n\t\t\t\t\t<\/div>\n\t\t<\/div>\n\t\t\t\t\t<\/div>\n\t\t<\/section>\n\t\t\t\t<\/div>","protected":false},"excerpt":{"rendered":"<p>Tra\u017eite posao? \u0160irimo tim, hitno nam je potreban: Sushi majstor (m\/\u017e) U potrazi smo za sushi majstorom i pomo\u0107nim kuvarom za stalni radni odnos.\u00a0 Konobar \/ \u0161anker (m\/\u017e) U potrazi smo za konobarom, \u0161ankerom\/\u0161ankericom sa iskustvom za stalni radni odnos. Ukoliko poznaje\u0161 nekoga ko voli Japansku kuhinju, ima ili nema iskustva u istoj a tra\u017ei posao, svratite zajedno na pi\u0107e u restoran Boketto, ku\u0107a \u010dasti jer ste u\u010dinili dobro delo i pomogli nam da pro\u0161irimo tim kvalitetnim osobljem. Za sve informacije 065\/8095-033 O\u010dekujemo Vas! Navigacijom do nas<\/p>","protected":false},"author":3,"featured_media":6833,"parent":0,"menu_order":0,"comment_status":"closed","ping_status":"closed","template":"elementor_header_footer","meta":{"_acf_changed":false,"site-sidebar-layout":"no-sidebar","site-content-layout":"page-builder","ast-site-content-layout":"full-width-container","site-content-style":"default","site-sidebar-style":"default","ast-global-header-display":"","ast-banner-title-visibility":"","ast-main-header-display":"","ast-hfb-above-header-display":"","ast-hfb-below-header-display":"","ast-hfb-mobile-header-display":"","site-post-title":"disabled","ast-breadcrumbs-content":"","ast-featured-img":"disabled","footer-sml-layout":"","theme-transparent-header-meta":"","adv-header-id-meta":"","stick-header-meta":"","header-above-stick-meta":"","header-main-stick-meta":"","header-below-stick-meta":"","astra-migrate-meta-layouts":"set","ast-page-background-enabled":"default","ast-page-background-meta":{"desktop":{"background-color":"","background-image":"","background-repeat":"repeat","background-position":"center center","background-size":"auto","background-attachment":"scroll","background-type":"","background-media":"","overlay-type":"","overlay-color":"","overlay-opacity":"","overlay-gradient":""},"tablet":{"background-color":"","background-image":"","background-repeat":"repeat","background-position":"center center","background-size":"auto","background-attachment":"scroll","background-type":"","background-media":"","overlay-type":"","overlay-color":"","overlay-opacity":"","overlay-gradient":""},"mobile":{"background-color":"","background-image":"","background-repeat":"repeat","background-position":"center center","background-size":"auto","background-attachment":"scroll","background-type":"","background-media":"","overlay-type":"","overlay-color":"","overlay-opacity":"","overlay-gradient":""}},"ast-content-background-meta":{"desktop":{"background-color":"var(--ast-global-color-5)","background-image":"","background-repeat":"repeat","background-position":"center center","background-size":"auto","background-attachment":"scroll","background-type":"","background-media":"","overlay-type":"","overlay-color":"","overlay-opacity":"","overlay-gradient":""},"tablet":{"background-color":"var(--ast-global-color-5)","background-image":"","background-repeat":"repeat","background-position":"center center","background-size":"auto","background-attachment":"scroll","background-type":"","background-media":"","overlay-type":"","overlay-color":"","overlay-opacity":"","overlay-gradient":""},"mobile":{"background-color":"var(--ast-global-color-5)","background-image":"","background-repeat":"repeat","background-position":"center center","background-size":"auto","background-attachment":"scroll","background-type":"","background-media":"","overlay-type":"","overlay-color":"","overlay-opacity":"","overlay-gradient":""}},"footnotes":""},"class_list":["post-6713","page","type-page","status-publish","has-post-thumbnail","hentry"],"acf":[],"yoast_head":"<!-- This site is optimized with the Yoast SEO plugin v27.2 - https:\/\/yoast.com\/product\/yoast-seo-wordpress\/ -->\n<title>Zaposlenje: sushi majstor - pomo\u0107ni kuvar - konobar - \u0161anker &#187; Sushi bar Boketto<\/title>\n<meta name=\"description\" content=\"Potrebni radnici sa poznavanjem japanske kuhinje, sushi majstor, pomo\u0107ni kuvar, konobar, \u0161anker za rad u sushi restoranu, plata 120.000 rsd..\" \/>\n<meta name=\"robots\" content=\"index, follow, max-snippet:-1, max-image-preview:large, max-video-preview:-1\" \/>\n<link rel=\"canonical\" href=\"https:\/\/sushibarboketto.rs\/sr\/zaposlenje-sushi-majstor-pomocni-kuvar-konobar-sanker\/\" \/>\n<meta property=\"og:locale\" content=\"sr_RS\" \/>\n<meta property=\"og:type\" content=\"article\" \/>\n<meta property=\"og:title\" content=\"Zaposlenje: sushi majstor - pomo\u0107ni kuvar - konobar - \u0161anker &#187; Sushi bar Boketto\" \/>\n<meta property=\"og:description\" content=\"Potrebni radnici sa poznavanjem japanske kuhinje, sushi majstor, pomo\u0107ni kuvar, konobar, \u0161anker za rad u sushi restoranu, plata 120.000 rsd..\" \/>\n<meta property=\"og:url\" content=\"https:\/\/sushibarboketto.rs\/sr\/zaposlenje-sushi-majstor-pomocni-kuvar-konobar-sanker\/\" \/>\n<meta property=\"og:site_name\" content=\"Sushi bar Boketto\" \/>\n<meta property=\"article:modified_time\" content=\"2024-06-16T15:19:08+00:00\" \/>\n<meta property=\"og:image\" content=\"https:\/\/sushibarboketto.rs\/wp-content\/uploads\/2024\/06\/sushi-majstor-posao-restoran-boketto.jpg\" \/>\n\t<meta property=\"og:image:width\" content=\"1200\" \/>\n\t<meta property=\"og:image:height\" content=\"800\" \/>\n\t<meta property=\"og:image:type\" content=\"image\/jpeg\" \/>\n<meta name=\"twitter:card\" content=\"summary_large_image\" \/>\n<meta name=\"twitter:label1\" content=\"\u041f\u0440\u043e\u0446\u0435\u045a\u0435\u043d\u043e \u0432\u0440\u0435\u043c\u0435 \u0447\u0438\u0442\u0430\u045a\u0430\" \/>\n\t<meta name=\"twitter:data1\" content=\"1 \u043c\u0438\u043d\u0443\u0442\" \/>\n<script type=\"application\/ld+json\" class=\"yoast-schema-graph\">{\"@context\":\"https:\/\/schema.org\",\"@graph\":[{\"@type\":\"WebPage\",\"@id\":\"https:\/\/sushibarboketto.rs\/zaposlenje-sushi-majstor-pomocni-kuvar-konobar-sanker\/\",\"url\":\"https:\/\/sushibarboketto.rs\/zaposlenje-sushi-majstor-pomocni-kuvar-konobar-sanker\/\",\"name\":\"Zaposlenje: sushi majstor - pomo\u0107ni kuvar - konobar - \u0161anker &#187; Sushi bar Boketto\",\"isPartOf\":{\"@id\":\"https:\/\/sushibarboketto.rs\/#website\"},\"primaryImageOfPage\":{\"@id\":\"https:\/\/sushibarboketto.rs\/zaposlenje-sushi-majstor-pomocni-kuvar-konobar-sanker\/#primaryimage\"},\"image\":{\"@id\":\"https:\/\/sushibarboketto.rs\/zaposlenje-sushi-majstor-pomocni-kuvar-konobar-sanker\/#primaryimage\"},\"thumbnailUrl\":\"https:\/\/sushibarboketto.rs\/wp-content\/uploads\/2024\/06\/sushi-majstor-posao-restoran-boketto.jpg\",\"datePublished\":\"2024-05-28T14:40:42+00:00\",\"dateModified\":\"2024-06-16T15:19:08+00:00\",\"description\":\"Potrebni radnici sa poznavanjem japanske kuhinje, sushi majstor, pomo\u0107ni kuvar, konobar, \u0161anker za rad u sushi restoranu, plata 120.000 rsd..\",\"breadcrumb\":{\"@id\":\"https:\/\/sushibarboketto.rs\/zaposlenje-sushi-majstor-pomocni-kuvar-konobar-sanker\/#breadcrumb\"},\"inLanguage\":\"sr-RS\",\"potentialAction\":[{\"@type\":\"ReadAction\",\"target\":[\"https:\/\/sushibarboketto.rs\/zaposlenje-sushi-majstor-pomocni-kuvar-konobar-sanker\/\"]}]},{\"@type\":\"ImageObject\",\"inLanguage\":\"sr-RS\",\"@id\":\"https:\/\/sushibarboketto.rs\/zaposlenje-sushi-majstor-pomocni-kuvar-konobar-sanker\/#primaryimage\",\"url\":\"https:\/\/sushibarboketto.rs\/wp-content\/uploads\/2024\/06\/sushi-majstor-posao-restoran-boketto.jpg\",\"contentUrl\":\"https:\/\/sushibarboketto.rs\/wp-content\/uploads\/2024\/06\/sushi-majstor-posao-restoran-boketto.jpg\",\"width\":1200,\"height\":800},{\"@type\":\"BreadcrumbList\",\"@id\":\"https:\/\/sushibarboketto.rs\/zaposlenje-sushi-majstor-pomocni-kuvar-konobar-sanker\/#breadcrumb\",\"itemListElement\":[{\"@type\":\"ListItem\",\"position\":1,\"name\":\"Home\",\"item\":\"https:\/\/sushibarboketto.rs\/\"},{\"@type\":\"ListItem\",\"position\":2,\"name\":\"Zaposlenje: sushi majstor &#8211; pomo\u0107ni kuvar &#8211; konobar &#8211; \u0161anker\"}]},{\"@type\":\"WebSite\",\"@id\":\"https:\/\/sushibarboketto.rs\/#website\",\"url\":\"https:\/\/sushibarboketto.rs\/\",\"name\":\"Sushi bar Boketto\",\"description\":\"Japanski sushi restoran u Beogradu\",\"publisher\":{\"@id\":\"https:\/\/sushibarboketto.rs\/#organization\"},\"potentialAction\":[{\"@type\":\"SearchAction\",\"target\":{\"@type\":\"EntryPoint\",\"urlTemplate\":\"https:\/\/sushibarboketto.rs\/?s={search_term_string}\"},\"query-input\":{\"@type\":\"PropertyValueSpecification\",\"valueRequired\":true,\"valueName\":\"search_term_string\"}}],\"inLanguage\":\"sr-RS\"},{\"@type\":\"Organization\",\"@id\":\"https:\/\/sushibarboketto.rs\/#organization\",\"name\":\"Sushi bar Boketto\",\"url\":\"https:\/\/sushibarboketto.rs\/\",\"logo\":{\"@type\":\"ImageObject\",\"inLanguage\":\"sr-RS\",\"@id\":\"https:\/\/sushibarboketto.rs\/#\/schema\/logo\/image\/\",\"url\":\"https:\/\/sushibarboketto.rs\/wp-content\/uploads\/2021\/05\/boketto_logo_transparent_naked.png\",\"contentUrl\":\"https:\/\/sushibarboketto.rs\/wp-content\/uploads\/2021\/05\/boketto_logo_transparent_naked.png\",\"width\":1000,\"height\":679,\"caption\":\"Sushi bar Boketto\"},\"image\":{\"@id\":\"https:\/\/sushibarboketto.rs\/#\/schema\/logo\/image\/\"}}]}<\/script>\n<!-- \/ Yoast SEO plugin. -->","yoast_head_json":{"title":"Zaposlenje: sushi majstor - pomo\u0107ni kuvar - konobar - \u0161anker &#187; Sushi bar Boketto","description":"Potrebni radnici sa poznavanjem japanske kuhinje, sushi majstor, pomo\u0107ni kuvar, konobar, \u0161anker za rad u sushi restoranu, plata 120.000 rsd..","robots":{"index":"index","follow":"follow","max-snippet":"max-snippet:-1","max-image-preview":"max-image-preview:large","max-video-preview":"max-video-preview:-1"},"canonical":"https:\/\/sushibarboketto.rs\/sr\/zaposlenje-sushi-majstor-pomocni-kuvar-konobar-sanker\/","og_locale":"sr_RS","og_type":"article","og_title":"Zaposlenje: sushi majstor - pomo\u0107ni kuvar - konobar - \u0161anker &#187; Sushi bar Boketto","og_description":"Potrebni radnici sa poznavanjem japanske kuhinje, sushi majstor, pomo\u0107ni kuvar, konobar, \u0161anker za rad u sushi restoranu, plata 120.000 rsd..","og_url":"https:\/\/sushibarboketto.rs\/sr\/zaposlenje-sushi-majstor-pomocni-kuvar-konobar-sanker\/","og_site_name":"Sushi bar Boketto","article_modified_time":"2024-06-16T15:19:08+00:00","og_image":[{"width":1200,"height":800,"url":"https:\/\/sushibarboketto.rs\/wp-content\/uploads\/2024\/06\/sushi-majstor-posao-restoran-boketto.jpg","type":"image\/jpeg"}],"twitter_card":"summary_large_image","twitter_misc":{"\u041f\u0440\u043e\u0446\u0435\u045a\u0435\u043d\u043e \u0432\u0440\u0435\u043c\u0435 \u0447\u0438\u0442\u0430\u045a\u0430":"1 \u043c\u0438\u043d\u0443\u0442"},"schema":{"@context":"https:\/\/schema.org","@graph":[{"@type":"WebPage","@id":"https:\/\/sushibarboketto.rs\/zaposlenje-sushi-majstor-pomocni-kuvar-konobar-sanker\/","url":"https:\/\/sushibarboketto.rs\/zaposlenje-sushi-majstor-pomocni-kuvar-konobar-sanker\/","name":"Zaposlenje: sushi majstor - pomo\u0107ni kuvar - konobar - \u0161anker &#187; Sushi bar Boketto","isPartOf":{"@id":"https:\/\/sushibarboketto.rs\/#website"},"primaryImageOfPage":{"@id":"https:\/\/sushibarboketto.rs\/zaposlenje-sushi-majstor-pomocni-kuvar-konobar-sanker\/#primaryimage"},"image":{"@id":"https:\/\/sushibarboketto.rs\/zaposlenje-sushi-majstor-pomocni-kuvar-konobar-sanker\/#primaryimage"},"thumbnailUrl":"https:\/\/sushibarboketto.rs\/wp-content\/uploads\/2024\/06\/sushi-majstor-posao-restoran-boketto.jpg","datePublished":"2024-05-28T14:40:42+00:00","dateModified":"2024-06-16T15:19:08+00:00","description":"Potrebni radnici sa poznavanjem japanske kuhinje, sushi majstor, pomo\u0107ni kuvar, konobar, \u0161anker za rad u sushi restoranu, plata 120.000 rsd..","breadcrumb":{"@id":"https:\/\/sushibarboketto.rs\/zaposlenje-sushi-majstor-pomocni-kuvar-konobar-sanker\/#breadcrumb"},"inLanguage":"sr-RS","potentialAction":[{"@type":"ReadAction","target":["https:\/\/sushibarboketto.rs\/zaposlenje-sushi-majstor-pomocni-kuvar-konobar-sanker\/"]}]},{"@type":"ImageObject","inLanguage":"sr-RS","@id":"https:\/\/sushibarboketto.rs\/zaposlenje-sushi-majstor-pomocni-kuvar-konobar-sanker\/#primaryimage","url":"https:\/\/sushibarboketto.rs\/wp-content\/uploads\/2024\/06\/sushi-majstor-posao-restoran-boketto.jpg","contentUrl":"https:\/\/sushibarboketto.rs\/wp-content\/uploads\/2024\/06\/sushi-majstor-posao-restoran-boketto.jpg","width":1200,"height":800},{"@type":"BreadcrumbList","@id":"https:\/\/sushibarboketto.rs\/zaposlenje-sushi-majstor-pomocni-kuvar-konobar-sanker\/#breadcrumb","itemListElement":[{"@type":"ListItem","position":1,"name":"Home","item":"https:\/\/sushibarboketto.rs\/"},{"@type":"ListItem","position":2,"name":"Zaposlenje: sushi majstor &#8211; pomo\u0107ni kuvar &#8211; konobar &#8211; \u0161anker"}]},{"@type":"WebSite","@id":"https:\/\/sushibarboketto.rs\/#website","url":"https:\/\/sushibarboketto.rs\/","name":"Sushi bar Boketto","description":"Japanski sushi restoran u Beogradu","publisher":{"@id":"https:\/\/sushibarboketto.rs\/#organization"},"potentialAction":[{"@type":"SearchAction","target":{"@type":"EntryPoint","urlTemplate":"https:\/\/sushibarboketto.rs\/?s={search_term_string}"},"query-input":{"@type":"PropertyValueSpecification","valueRequired":true,"valueName":"search_term_string"}}],"inLanguage":"sr-RS"},{"@type":"Organization","@id":"https:\/\/sushibarboketto.rs\/#organization","name":"Sushi bar Boketto","url":"https:\/\/sushibarboketto.rs\/","logo":{"@type":"ImageObject","inLanguage":"sr-RS","@id":"https:\/\/sushibarboketto.rs\/#\/schema\/logo\/image\/","url":"https:\/\/sushibarboketto.rs\/wp-content\/uploads\/2021\/05\/boketto_logo_transparent_naked.png","contentUrl":"https:\/\/sushibarboketto.rs\/wp-content\/uploads\/2021\/05\/boketto_logo_transparent_naked.png","width":1000,"height":679,"caption":"Sushi bar Boketto"},"image":{"@id":"https:\/\/sushibarboketto.rs\/#\/schema\/logo\/image\/"}}]}},"_links":{"self":[{"href":"https:\/\/sushibarboketto.rs\/sr\/wp-json\/wp\/v2\/pages\/6713","targetHints":{"allow":["GET"]}}],"collection":[{"href":"https:\/\/sushibarboketto.rs\/sr\/wp-json\/wp\/v2\/pages"}],"about":[{"href":"https:\/\/sushibarboketto.rs\/sr\/wp-json\/wp\/v2\/types\/page"}],"author":[{"embeddable":true,"href":"https:\/\/sushibarboketto.rs\/sr\/wp-json\/wp\/v2\/users\/3"}],"replies":[{"embeddable":true,"href":"https:\/\/sushibarboketto.rs\/sr\/wp-json\/wp\/v2\/comments?post=6713"}],"version-history":[{"count":7,"href":"https:\/\/sushibarboketto.rs\/sr\/wp-json\/wp\/v2\/pages\/6713\/revisions"}],"predecessor-version":[{"id":7029,"href":"https:\/\/sushibarboketto.rs\/sr\/wp-json\/wp\/v2\/pages\/6713\/revisions\/7029"}],"wp:featuredmedia":[{"embeddable":true,"href":"https:\/\/sushibarboketto.rs\/sr\/wp-json\/wp\/v2\/media\/6833"}],"wp:attachment":[{"href":"https:\/\/sushibarboketto.rs\/sr\/wp-json\/wp\/v2\/media?parent=6713"}],"curies":[{"name":"wp","href":"https:\/\/api.w.org\/{rel}","templated":true}]}}