{"id":7369,"date":"2024-08-02T11:23:52","date_gmt":"2024-08-02T11:23:52","guid":{"rendered":"https:\/\/sushibarboketto.rs\/?page_id=7369"},"modified":"2024-08-02T11:49:02","modified_gmt":"2024-08-02T11:49:02","slug":"posebna-sushi-ponuda-ketering-za-firme-i-proslave","status":"publish","type":"page","link":"https:\/\/sushibarboketto.rs\/sr\/posebna-sushi-ponuda-ketering-za-firme-i-proslave\/","title":{"rendered":"Posebna sushi ponuda: ketering za firme i proslave"},"content":{"rendered":"<div data-elementor-type=\"wp-page\" data-elementor-id=\"7369\" class=\"elementor elementor-7369\" data-elementor-post-type=\"page\">\n\t\t\t\t\t\t<section class=\"elementor-section elementor-top-section elementor-element elementor-element-8784125 elementor-section-boxed elementor-section-height-default elementor-section-height-default wpr-particle-no wpr-jarallax-no wpr-parallax-no wpr-sticky-section-no\" data-id=\"8784125\" data-element_type=\"section\" data-e-type=\"section\">\n\t\t\t\t\t\t<div class=\"elementor-container elementor-column-gap-default\">\n\t\t\t\t\t<div class=\"elementor-column elementor-col-100 elementor-top-column elementor-element elementor-element-9338b1f\" data-id=\"9338b1f\" data-element_type=\"column\" data-e-type=\"column\">\n\t\t\t<div class=\"elementor-widget-wrap elementor-element-populated\">\n\t\t\t\t\t\t\t<\/div>\n\t\t<\/div>\n\t\t\t\t\t<\/div>\n\t\t<\/section>\n\t\t\t\t<section class=\"elementor-section elementor-top-section elementor-element elementor-element-5c3a05b elementor-section-boxed elementor-section-height-default elementor-section-height-default wpr-particle-no wpr-jarallax-no wpr-parallax-no wpr-sticky-section-no\" data-id=\"5c3a05b\" data-element_type=\"section\" data-e-type=\"section\">\n\t\t\t\t\t\t<div class=\"elementor-container elementor-column-gap-default\">\n\t\t\t\t\t<div class=\"elementor-column elementor-col-100 elementor-top-column elementor-element elementor-element-f67b118\" data-id=\"f67b118\" data-element_type=\"column\" data-e-type=\"column\">\n\t\t\t<div class=\"elementor-widget-wrap elementor-element-populated\">\n\t\t\t\t\t\t<section class=\"elementor-section elementor-inner-section elementor-element elementor-element-e200902 elementor-section-boxed elementor-section-height-default elementor-section-height-default wpr-particle-no wpr-jarallax-no wpr-parallax-no wpr-sticky-section-no\" data-id=\"e200902\" data-element_type=\"section\" data-e-type=\"section\">\n\t\t\t\t\t\t<div class=\"elementor-container elementor-column-gap-default\">\n\t\t\t\t\t<div class=\"elementor-column elementor-col-50 elementor-inner-column elementor-element elementor-element-4d63dcd\" data-id=\"4d63dcd\" data-element_type=\"column\" data-e-type=\"column\">\n\t\t\t<div class=\"elementor-widget-wrap elementor-element-populated\">\n\t\t\t\t\t\t<div class=\"elementor-element elementor-element-bac961a elementor-widget elementor-widget-heading\" data-id=\"bac961a\" data-element_type=\"widget\" data-e-type=\"widget\" data-widget_type=\"heading.default\">\n\t\t\t\t<div class=\"elementor-widget-container\">\n\t\t\t\t\t<h3 class=\"elementor-heading-title elementor-size-default\">Iznajmi sushi chef-a<\/h3>\t\t\t\t<\/div>\n\t\t\t\t<\/div>\n\t\t\t\t<div class=\"elementor-element elementor-element-6426f1b elementor-widget elementor-widget-text-editor\" data-id=\"6426f1b\" data-element_type=\"widget\" data-e-type=\"widget\" data-widget_type=\"text-editor.default\">\n\t\t\t\t<div class=\"elementor-widget-container\">\n\t\t\t\t\t\t\t\t\t<p><strong>Iznajmite profesionalnog sushi chefa za va\u0161u slede\u0107u proslavu i obezbedite svojim gostima jedinstveno gastronomsko iskustvo!<\/strong> Na\u0161 restoran nudi uslugu iznajmljivanja vrhunskih sushi majstora koji dolaze na va\u0161u lokaciju i pripremaju sve\u017ee, ukusne sushi specijalitete direktno pred va\u0161im gostima.<\/p><p>Bilo da <strong>organizujete korporativni doga\u0111aj, ro\u0111endan ili bilo koju drugu proslavu<\/strong>, na\u0161i iskusni sushi chef-ovi \u0107e obezbediti nezaboravan do\u017eivljaj koriste\u0107i najkvalitetnije i najsve\u017eije sastojke. Uz interaktivno iskustvo pripreme sushija u\u017eivo, va\u0161i gosti \u0107e biti odu\u0161evljeni i impresionirani.<\/p><p>Prilagodljive opcije menija omogu\u0107avaju da zadovoljimo sve va\u0161e potrebe i \u017eelje.<\/p>\t\t\t\t\t\t\t\t<\/div>\n\t\t\t\t<\/div>\n\t\t\t\t\t<\/div>\n\t\t<\/div>\n\t\t\t\t<div class=\"elementor-column elementor-col-50 elementor-inner-column elementor-element elementor-element-ae35476\" data-id=\"ae35476\" data-element_type=\"column\" data-e-type=\"column\">\n\t\t\t<div class=\"elementor-widget-wrap elementor-element-populated\">\n\t\t\t\t\t\t<div class=\"elementor-element elementor-element-e347bf7 elementor-widget elementor-widget-text-editor\" data-id=\"e347bf7\" data-element_type=\"widget\" data-e-type=\"widget\" data-widget_type=\"text-editor.default\">\n\t\t\t\t<div class=\"elementor-widget-container\">\n\t\t\t\t\t\t\t\t\t<p><strong>U\u010dinite va\u0161u proslavu nezaboravnom uz na\u0161 vrhunski sushi ketering!<\/strong><\/p><p>Nudimo personalizovane daske, prilago\u0111ene broju osoba po va\u0161oj \u017eelji, sa raznovrsnim nigiri, maki, sashimi i drugim specijalitetima, koriste\u0107i samo najkvalitetnije i najsve\u017eije sastojke. Na\u0161a profesionalna usluga osigurava savr\u0161eno aran\u017eirane daske isporu\u010dene na vreme.<\/p><p><strong>Prilagodljive opcije za razli\u010dite doga\u0111aje<\/strong> i bud\u017eete omogu\u0107avaju jedinstven do\u017eivljaj koji \u0107e odu\u0161eviti va\u0161e goste.\u00a0<\/p>\t\t\t\t\t\t\t\t<\/div>\n\t\t\t\t<\/div>\n\t\t\t\t<div class=\"elementor-element elementor-element-1ec55a2 elementor-align-center elementor-widget elementor-widget-button\" data-id=\"1ec55a2\" data-element_type=\"widget\" data-e-type=\"widget\" data-widget_type=\"button.default\">\n\t\t\t\t<div class=\"elementor-widget-container\">\n\t\t\t\t\t\t\t\t\t<div class=\"elementor-button-wrapper\">\n\t\t\t\t\t<a class=\"elementor-button elementor-button-link elementor-size-sm\" href=\"https:\/\/sushibarboketto.rs\/sr\/kontakt\/\">\n\t\t\t\t\t\t<span class=\"elementor-button-content-wrapper\">\n\t\t\t\t\t\t\t\t\t<span class=\"elementor-button-text\">Kontaktiraj nas<\/span>\n\t\t\t\t\t<\/span>\n\t\t\t\t\t<\/a>\n\t\t\t\t<\/div>\n\t\t\t\t\t\t\t\t<\/div>\n\t\t\t\t<\/div>\n\t\t\t\t\t<\/div>\n\t\t<\/div>\n\t\t\t\t\t<\/div>\n\t\t<\/section>\n\t\t\t\t\t<\/div>\n\t\t<\/div>\n\t\t\t\t\t<\/div>\n\t\t<\/section>\n\t\t\t\t<\/div>","protected":false},"excerpt":{"rendered":"<p>Iznajmi sushi chef-a Iznajmite profesionalnog sushi chefa za va\u0161u slede\u0107u proslavu i obezbedite svojim gostima jedinstveno gastronomsko iskustvo! Na\u0161 restoran nudi uslugu iznajmljivanja vrhunskih sushi majstora koji dolaze na va\u0161u lokaciju i pripremaju sve\u017ee, ukusne sushi specijalitete direktno pred va\u0161im gostima. Bilo da organizujete korporativni doga\u0111aj, ro\u0111endan ili bilo koju drugu proslavu, na\u0161i iskusni sushi chef-ovi \u0107e obezbediti nezaboravan do\u017eivljaj koriste\u0107i najkvalitetnije i najsve\u017eije sastojke. Uz interaktivno iskustvo pripreme sushija u\u017eivo, va\u0161i gosti \u0107e biti odu\u0161evljeni i impresionirani. Prilagodljive opcije menija omogu\u0107avaju da zadovoljimo sve va\u0161e potrebe i \u017eelje. U\u010dinite va\u0161u proslavu nezaboravnom uz na\u0161 vrhunski sushi ketering! Nudimo personalizovane daske, prilago\u0111ene broju osoba po va\u0161oj \u017eelji, sa raznovrsnim nigiri, maki, sashimi i drugim specijalitetima, koriste\u0107i samo najkvalitetnije i najsve\u017eije sastojke. Na\u0161a profesionalna usluga osigurava savr\u0161eno aran\u017eirane daske isporu\u010dene na vreme. Prilagodljive opcije za razli\u010dite doga\u0111aje i bud\u017eete omogu\u0107avaju jedinstven do\u017eivljaj koji \u0107e odu\u0161eviti va\u0161e goste.\u00a0 Kontaktiraj nas<\/p>","protected":false},"author":3,"featured_media":0,"parent":0,"menu_order":0,"comment_status":"closed","ping_status":"closed","template":"elementor_header_footer","meta":{"_acf_changed":false,"site-sidebar-layout":"no-sidebar","site-content-layout":"page-builder","ast-site-content-layout":"full-width-container","site-content-style":"default","site-sidebar-style":"default","ast-global-header-display":"","ast-banner-title-visibility":"","ast-main-header-display":"","ast-hfb-above-header-display":"","ast-hfb-below-header-display":"","ast-hfb-mobile-header-display":"","site-post-title":"disabled","ast-breadcrumbs-content":"","ast-featured-img":"disabled","footer-sml-layout":"","theme-transparent-header-meta":"","adv-header-id-meta":"","stick-header-meta":"","header-above-stick-meta":"","header-main-stick-meta":"","header-below-stick-meta":"","astra-migrate-meta-layouts":"set","ast-page-background-enabled":"default","ast-page-background-meta":{"desktop":{"background-color":"","background-image":"","background-repeat":"repeat","background-position":"center center","background-size":"auto","background-attachment":"scroll","background-type":"","background-media":"","overlay-type":"","overlay-color":"","overlay-opacity":"","overlay-gradient":""},"tablet":{"background-color":"","background-image":"","background-repeat":"repeat","background-position":"center center","background-size":"auto","background-attachment":"scroll","background-type":"","background-media":"","overlay-type":"","overlay-color":"","overlay-opacity":"","overlay-gradient":""},"mobile":{"background-color":"","background-image":"","background-repeat":"repeat","background-position":"center center","background-size":"auto","background-attachment":"scroll","background-type":"","background-media":"","overlay-type":"","overlay-color":"","overlay-opacity":"","overlay-gradient":""}},"ast-content-background-meta":{"desktop":{"background-color":"var(--ast-global-color-5)","background-image":"","background-repeat":"repeat","background-position":"center center","background-size":"auto","background-attachment":"scroll","background-type":"","background-media":"","overlay-type":"","overlay-color":"","overlay-opacity":"","overlay-gradient":""},"tablet":{"background-color":"var(--ast-global-color-5)","background-image":"","background-repeat":"repeat","background-position":"center center","background-size":"auto","background-attachment":"scroll","background-type":"","background-media":"","overlay-type":"","overlay-color":"","overlay-opacity":"","overlay-gradient":""},"mobile":{"background-color":"var(--ast-global-color-5)","background-image":"","background-repeat":"repeat","background-position":"center center","background-size":"auto","background-attachment":"scroll","background-type":"","background-media":"","overlay-type":"","overlay-color":"","overlay-opacity":"","overlay-gradient":""}},"footnotes":""},"class_list":["post-7369","page","type-page","status-publish","hentry"],"acf":[],"yoast_head":"<!-- This site is optimized with the Yoast SEO plugin v27.2 - https:\/\/yoast.com\/product\/yoast-seo-wordpress\/ -->\n<title>Posebna sushi ponuda: ketering za firme i proslave &#187; Sushi bar Boketto<\/title>\n<meta name=\"robots\" content=\"index, follow, max-snippet:-1, max-image-preview:large, max-video-preview:-1\" \/>\n<link rel=\"canonical\" href=\"https:\/\/sushibarboketto.rs\/sr\/posebna-sushi-ponuda-ketering-za-firme-i-proslave\/\" \/>\n<meta property=\"og:locale\" content=\"sr_RS\" \/>\n<meta property=\"og:type\" content=\"article\" \/>\n<meta property=\"og:title\" content=\"Posebna sushi ponuda: ketering za firme i proslave &#187; Sushi bar Boketto\" \/>\n<meta property=\"og:description\" content=\"Iznajmi sushi chef-a Iznajmite profesionalnog sushi chefa za va\u0161u slede\u0107u proslavu i obezbedite svojim gostima jedinstveno gastronomsko iskustvo! Na\u0161 restoran nudi uslugu iznajmljivanja vrhunskih sushi majstora koji dolaze na va\u0161u lokaciju i pripremaju sve\u017ee, ukusne sushi specijalitete direktno pred va\u0161im gostima. Bilo da organizujete korporativni doga\u0111aj, ro\u0111endan ili bilo koju drugu proslavu, na\u0161i iskusni sushi chef-ovi \u0107e obezbediti nezaboravan do\u017eivljaj koriste\u0107i najkvalitetnije i najsve\u017eije sastojke. Uz interaktivno iskustvo pripreme sushija u\u017eivo, va\u0161i gosti \u0107e biti odu\u0161evljeni i impresionirani. Prilagodljive opcije menija omogu\u0107avaju da zadovoljimo sve va\u0161e potrebe i \u017eelje. U\u010dinite va\u0161u proslavu nezaboravnom uz na\u0161 vrhunski sushi ketering! Nudimo personalizovane daske, prilago\u0111ene broju osoba po va\u0161oj \u017eelji, sa raznovrsnim nigiri, maki, sashimi i drugim specijalitetima, koriste\u0107i samo najkvalitetnije i najsve\u017eije sastojke. Na\u0161a profesionalna usluga osigurava savr\u0161eno aran\u017eirane daske isporu\u010dene na vreme. Prilagodljive opcije za razli\u010dite doga\u0111aje i bud\u017eete omogu\u0107avaju jedinstven do\u017eivljaj koji \u0107e odu\u0161eviti va\u0161e goste.\u00a0 Kontaktiraj nas\" \/>\n<meta property=\"og:url\" content=\"https:\/\/sushibarboketto.rs\/sr\/posebna-sushi-ponuda-ketering-za-firme-i-proslave\/\" \/>\n<meta property=\"og:site_name\" content=\"Sushi bar Boketto\" \/>\n<meta property=\"article:modified_time\" content=\"2024-08-02T11:49:02+00:00\" \/>\n<meta name=\"twitter:card\" content=\"summary_large_image\" \/>\n<meta name=\"twitter:label1\" content=\"\u041f\u0440\u043e\u0446\u0435\u045a\u0435\u043d\u043e \u0432\u0440\u0435\u043c\u0435 \u0447\u0438\u0442\u0430\u045a\u0430\" \/>\n\t<meta name=\"twitter:data1\" content=\"1 \u043c\u0438\u043d\u0443\u0442\" \/>\n<script type=\"application\/ld+json\" class=\"yoast-schema-graph\">{\"@context\":\"https:\/\/schema.org\",\"@graph\":[{\"@type\":\"WebPage\",\"@id\":\"https:\/\/sushibarboketto.rs\/posebna-sushi-ponuda-ketering-za-firme-i-proslave\/\",\"url\":\"https:\/\/sushibarboketto.rs\/posebna-sushi-ponuda-ketering-za-firme-i-proslave\/\",\"name\":\"Posebna sushi ponuda: ketering za firme i proslave &#187; Sushi bar Boketto\",\"isPartOf\":{\"@id\":\"https:\/\/sushibarboketto.rs\/#website\"},\"datePublished\":\"2024-08-02T11:23:52+00:00\",\"dateModified\":\"2024-08-02T11:49:02+00:00\",\"breadcrumb\":{\"@id\":\"https:\/\/sushibarboketto.rs\/posebna-sushi-ponuda-ketering-za-firme-i-proslave\/#breadcrumb\"},\"inLanguage\":\"sr-RS\",\"potentialAction\":[{\"@type\":\"ReadAction\",\"target\":[\"https:\/\/sushibarboketto.rs\/posebna-sushi-ponuda-ketering-za-firme-i-proslave\/\"]}]},{\"@type\":\"BreadcrumbList\",\"@id\":\"https:\/\/sushibarboketto.rs\/posebna-sushi-ponuda-ketering-za-firme-i-proslave\/#breadcrumb\",\"itemListElement\":[{\"@type\":\"ListItem\",\"position\":1,\"name\":\"Home\",\"item\":\"https:\/\/sushibarboketto.rs\/\"},{\"@type\":\"ListItem\",\"position\":2,\"name\":\"Posebna sushi ponuda: ketering za firme i proslave\"}]},{\"@type\":\"WebSite\",\"@id\":\"https:\/\/sushibarboketto.rs\/#website\",\"url\":\"https:\/\/sushibarboketto.rs\/\",\"name\":\"Sushi bar Boketto\",\"description\":\"Japanski sushi restoran u Beogradu\",\"publisher\":{\"@id\":\"https:\/\/sushibarboketto.rs\/#organization\"},\"potentialAction\":[{\"@type\":\"SearchAction\",\"target\":{\"@type\":\"EntryPoint\",\"urlTemplate\":\"https:\/\/sushibarboketto.rs\/?s={search_term_string}\"},\"query-input\":{\"@type\":\"PropertyValueSpecification\",\"valueRequired\":true,\"valueName\":\"search_term_string\"}}],\"inLanguage\":\"sr-RS\"},{\"@type\":\"Organization\",\"@id\":\"https:\/\/sushibarboketto.rs\/#organization\",\"name\":\"Sushi bar Boketto\",\"url\":\"https:\/\/sushibarboketto.rs\/\",\"logo\":{\"@type\":\"ImageObject\",\"inLanguage\":\"sr-RS\",\"@id\":\"https:\/\/sushibarboketto.rs\/#\/schema\/logo\/image\/\",\"url\":\"https:\/\/sushibarboketto.rs\/wp-content\/uploads\/2021\/05\/boketto_logo_transparent_naked.png\",\"contentUrl\":\"https:\/\/sushibarboketto.rs\/wp-content\/uploads\/2021\/05\/boketto_logo_transparent_naked.png\",\"width\":1000,\"height\":679,\"caption\":\"Sushi bar Boketto\"},\"image\":{\"@id\":\"https:\/\/sushibarboketto.rs\/#\/schema\/logo\/image\/\"}}]}<\/script>\n<!-- \/ Yoast SEO plugin. -->","yoast_head_json":{"title":"Posebna sushi ponuda: ketering za firme i proslave &#187; Sushi bar Boketto","robots":{"index":"index","follow":"follow","max-snippet":"max-snippet:-1","max-image-preview":"max-image-preview:large","max-video-preview":"max-video-preview:-1"},"canonical":"https:\/\/sushibarboketto.rs\/sr\/posebna-sushi-ponuda-ketering-za-firme-i-proslave\/","og_locale":"sr_RS","og_type":"article","og_title":"Posebna sushi ponuda: ketering za firme i proslave &#187; Sushi bar Boketto","og_description":"Iznajmi sushi chef-a Iznajmite profesionalnog sushi chefa za va\u0161u slede\u0107u proslavu i obezbedite svojim gostima jedinstveno gastronomsko iskustvo! Na\u0161 restoran nudi uslugu iznajmljivanja vrhunskih sushi majstora koji dolaze na va\u0161u lokaciju i pripremaju sve\u017ee, ukusne sushi specijalitete direktno pred va\u0161im gostima. Bilo da organizujete korporativni doga\u0111aj, ro\u0111endan ili bilo koju drugu proslavu, na\u0161i iskusni sushi chef-ovi \u0107e obezbediti nezaboravan do\u017eivljaj koriste\u0107i najkvalitetnije i najsve\u017eije sastojke. Uz interaktivno iskustvo pripreme sushija u\u017eivo, va\u0161i gosti \u0107e biti odu\u0161evljeni i impresionirani. Prilagodljive opcije menija omogu\u0107avaju da zadovoljimo sve va\u0161e potrebe i \u017eelje. U\u010dinite va\u0161u proslavu nezaboravnom uz na\u0161 vrhunski sushi ketering! Nudimo personalizovane daske, prilago\u0111ene broju osoba po va\u0161oj \u017eelji, sa raznovrsnim nigiri, maki, sashimi i drugim specijalitetima, koriste\u0107i samo najkvalitetnije i najsve\u017eije sastojke. Na\u0161a profesionalna usluga osigurava savr\u0161eno aran\u017eirane daske isporu\u010dene na vreme. Prilagodljive opcije za razli\u010dite doga\u0111aje i bud\u017eete omogu\u0107avaju jedinstven do\u017eivljaj koji \u0107e odu\u0161eviti va\u0161e goste.\u00a0 Kontaktiraj nas","og_url":"https:\/\/sushibarboketto.rs\/sr\/posebna-sushi-ponuda-ketering-za-firme-i-proslave\/","og_site_name":"Sushi bar Boketto","article_modified_time":"2024-08-02T11:49:02+00:00","twitter_card":"summary_large_image","twitter_misc":{"\u041f\u0440\u043e\u0446\u0435\u045a\u0435\u043d\u043e \u0432\u0440\u0435\u043c\u0435 \u0447\u0438\u0442\u0430\u045a\u0430":"1 \u043c\u0438\u043d\u0443\u0442"},"schema":{"@context":"https:\/\/schema.org","@graph":[{"@type":"WebPage","@id":"https:\/\/sushibarboketto.rs\/posebna-sushi-ponuda-ketering-za-firme-i-proslave\/","url":"https:\/\/sushibarboketto.rs\/posebna-sushi-ponuda-ketering-za-firme-i-proslave\/","name":"Posebna sushi ponuda: ketering za firme i proslave &#187; Sushi bar Boketto","isPartOf":{"@id":"https:\/\/sushibarboketto.rs\/#website"},"datePublished":"2024-08-02T11:23:52+00:00","dateModified":"2024-08-02T11:49:02+00:00","breadcrumb":{"@id":"https:\/\/sushibarboketto.rs\/posebna-sushi-ponuda-ketering-za-firme-i-proslave\/#breadcrumb"},"inLanguage":"sr-RS","potentialAction":[{"@type":"ReadAction","target":["https:\/\/sushibarboketto.rs\/posebna-sushi-ponuda-ketering-za-firme-i-proslave\/"]}]},{"@type":"BreadcrumbList","@id":"https:\/\/sushibarboketto.rs\/posebna-sushi-ponuda-ketering-za-firme-i-proslave\/#breadcrumb","itemListElement":[{"@type":"ListItem","position":1,"name":"Home","item":"https:\/\/sushibarboketto.rs\/"},{"@type":"ListItem","position":2,"name":"Posebna sushi ponuda: ketering za firme i proslave"}]},{"@type":"WebSite","@id":"https:\/\/sushibarboketto.rs\/#website","url":"https:\/\/sushibarboketto.rs\/","name":"Sushi bar Boketto","description":"Japanski sushi restoran u Beogradu","publisher":{"@id":"https:\/\/sushibarboketto.rs\/#organization"},"potentialAction":[{"@type":"SearchAction","target":{"@type":"EntryPoint","urlTemplate":"https:\/\/sushibarboketto.rs\/?s={search_term_string}"},"query-input":{"@type":"PropertyValueSpecification","valueRequired":true,"valueName":"search_term_string"}}],"inLanguage":"sr-RS"},{"@type":"Organization","@id":"https:\/\/sushibarboketto.rs\/#organization","name":"Sushi bar Boketto","url":"https:\/\/sushibarboketto.rs\/","logo":{"@type":"ImageObject","inLanguage":"sr-RS","@id":"https:\/\/sushibarboketto.rs\/#\/schema\/logo\/image\/","url":"https:\/\/sushibarboketto.rs\/wp-content\/uploads\/2021\/05\/boketto_logo_transparent_naked.png","contentUrl":"https:\/\/sushibarboketto.rs\/wp-content\/uploads\/2021\/05\/boketto_logo_transparent_naked.png","width":1000,"height":679,"caption":"Sushi bar Boketto"},"image":{"@id":"https:\/\/sushibarboketto.rs\/#\/schema\/logo\/image\/"}}]}},"_links":{"self":[{"href":"https:\/\/sushibarboketto.rs\/sr\/wp-json\/wp\/v2\/pages\/7369","targetHints":{"allow":["GET"]}}],"collection":[{"href":"https:\/\/sushibarboketto.rs\/sr\/wp-json\/wp\/v2\/pages"}],"about":[{"href":"https:\/\/sushibarboketto.rs\/sr\/wp-json\/wp\/v2\/types\/page"}],"author":[{"embeddable":true,"href":"https:\/\/sushibarboketto.rs\/sr\/wp-json\/wp\/v2\/users\/3"}],"replies":[{"embeddable":true,"href":"https:\/\/sushibarboketto.rs\/sr\/wp-json\/wp\/v2\/comments?post=7369"}],"version-history":[{"count":16,"href":"https:\/\/sushibarboketto.rs\/sr\/wp-json\/wp\/v2\/pages\/7369\/revisions"}],"predecessor-version":[{"id":7391,"href":"https:\/\/sushibarboketto.rs\/sr\/wp-json\/wp\/v2\/pages\/7369\/revisions\/7391"}],"wp:attachment":[{"href":"https:\/\/sushibarboketto.rs\/sr\/wp-json\/wp\/v2\/media?parent=7369"}],"curies":[{"name":"wp","href":"https:\/\/api.w.org\/{rel}","templated":true}]}}