{"id":6964,"date":"2024-06-16T13:37:46","date_gmt":"2024-06-16T13:37:46","guid":{"rendered":"https:\/\/sushibarboketto.rs\/?post_type=product&#038;p=6964"},"modified":"2024-07-11T10:57:28","modified_gmt":"2024-07-11T10:57:28","slug":"donburi-cinija-povrce","status":"publish","type":"product","link":"https:\/\/sushibarboketto.rs\/sr\/\u043f\u0440\u043e\u0438\u0437\u0432\u043e\u0434\/donburi-cinija-povrce\/","title":{"rendered":"Donburi \u010dinija povr\u0107e"},"content":{"rendered":"<div class=\"flex-1 overflow-hidden\">\n<div class=\"react-scroll-to-bottom--css-snipg-79elbk h-full\">\n<div class=\"react-scroll-to-bottom--css-snipg-1n7m0yu\">\n<div class=\"flex flex-col text-sm md:pb-9\">\n<div class=\"w-full text-token-text-primary\" dir=\"auto\" data-testid=\"conversation-turn-23\" data-scroll-anchor=\"true\">\n<div class=\"py-2 juice:py-[18px] px-3 text-base md:px-4 m-auto md:px-5 lg:px-1 xl:px-5\">\n<div class=\"mx-auto flex flex-1 gap-3 text-base juice:gap-4 juice:md:gap-5 juice:lg:gap-6 md:max-w-3xl lg:max-w-[40rem] xl:max-w-[48rem]\">\n<div class=\"group\/conversation-turn relative flex w-full min-w-0 flex-col agent-turn\">\n<div class=\"flex-col gap-1 md:gap-3\">\n<div class=\"flex flex-grow flex-col max-w-full\">\n<div class=\"min-h-[20px] text-message flex flex-col items-start whitespace-pre-wrap break-words [.text-message+&amp;]:mt-5 juice:w-full juice:items-end overflow-x-auto gap-3\" dir=\"auto\" data-message-author-role=\"assistant\" data-message-id=\"c25a956b-7e87-49ea-92df-034d7fccfd4c\">\n<div class=\"markdown prose w-full break-words dark:prose-invert light\">\n<p>Donburi je japansko jelo koje se sastoji od pirin\u010da poslu\u017eenog u zdjeli, preko kojeg se sla\u017ee raznovrsni nadev. Donburi \u010dinija s povr\u0107em (yasai don) obi\u010dno uklju\u010duje razne vrste povr\u0107a, obi\u010dno blago dinstano u soja sosu, mirinu (japansko slatko vino), i ostalim za\u010dinima. Ova jela su \u010desto ukra\u0161ena tanko rezanim povr\u0107em ili listovima algi (npr. nori), pru\u017eaju\u0107i ne samo bogatstvo ukusa ve\u0107 i vizualnu atraktivnost.<\/p>\n<\/div>\n<\/div>\n<\/div>\n<div class=\"mt-1 flex gap-3 empty:hidden juice:-ml-3\">\n<div class=\"-ml-1 mt-0 flex h-7 items-center justify-center gap-[2px] self-end text-gray-400 lg:justify-start lg:self-center visible\"><\/div>\n<\/div>\n<div class=\"pr-2 lg:pr-0\"><\/div>\n<div class=\"mt-3 w-full empty:hidden\">\n<div class=\"text-center\"><\/div>\n<\/div>\n<\/div>\n<div class=\"absolute\">\n<div class=\"flex items-center justify-center\"><\/div>\n<\/div>\n<\/div>\n<\/div>\n<\/div>\n<\/div>\n<\/div>\n<\/div>\n<\/div>\n<\/div>\n<div class=\"w-full md:pt-0 dark:border-white\/20 md:border-transparent md:dark:border-transparent md:w-[calc(100%-.5rem)] juice:w-full\">\n<div class=\"px-3 text-base md:px-4 m-auto md:px-5 lg:px-1 xl:px-5\">\n<div class=\"mx-auto flex flex-1 gap-3 text-base juice:gap-4 juice:md:gap-5 juice:lg:gap-6 md:max-w-3xl lg:max-w-[40rem] xl:max-w-[48rem]\">\n<form class=\"w-full\">\n<div class=\"relative flex h-full max-w-full flex-1 flex-col\">\n<div class=\"absolute bottom-full left-0 right-0 z-20\"><\/div>\n<div class=\"flex w-full items-center\">\n<div class=\"overflow-hidden [&amp;:has(textarea:focus)]:border-token-border-xheavy [&amp;:has(textarea:focus)]:shadow-[0_2px_6px_rgba(0,0,0,.05)] flex flex-col w-full flex-grow relative border dark:text-white rounded-2xl bg-token-main-surface-primary border-token-border-medium\"><\/div>\n<\/div>\n<\/div>\n<\/form>\n<\/div>\n<\/div>\n<\/div>\n","protected":false},"excerpt":{"rendered":"<p>Donburi je japansko jelo koje se sastoji od pirin\u010da poslu\u017eenog u zdjeli, preko kojeg se sla\u017ee raznovrsni nadev. Donburi \u010dinija s povr\u0107em (yasai don) obi\u010dno uklju\u010duje razne vrste povr\u0107a, obi\u010dno blago dinstano u soja sosu, mirinu (japansko slatko vino), i ostalim za\u010dinima. Ova jela su \u010desto ukra\u0161ena tanko rezanim povr\u0107em ili listovima algi (npr. nori), pru\u017eaju\u0107i ne samo bogatstvo ukusa ve\u0107 i vizualnu atraktivnost.<\/p>","protected":false},"featured_media":6965,"template":"","meta":{"_acf_changed":false,"site-sidebar-layout":"default","site-content-layout":"","ast-site-content-layout":"default","site-content-style":"default","site-sidebar-style":"default","ast-global-header-display":"","ast-banner-title-visibility":"","ast-main-header-display":"","ast-hfb-above-header-display":"","ast-hfb-below-header-display":"","ast-hfb-mobile-header-display":"","site-post-title":"","ast-breadcrumbs-content":"","ast-featured-img":"","footer-sml-layout":"","theme-transparent-header-meta":"default","adv-header-id-meta":"","stick-header-meta":"","header-above-stick-meta":"","header-main-stick-meta":"","header-below-stick-meta":"","astra-migrate-meta-layouts":"set","ast-page-background-enabled":"default","ast-page-background-meta":{"desktop":{"background-color":"","background-image":"","background-repeat":"repeat","background-position":"center center","background-size":"auto","background-attachment":"scroll","background-type":"","background-media":"","overlay-type":"","overlay-color":"","overlay-opacity":"","overlay-gradient":""},"tablet":{"background-color":"","background-image":"","background-repeat":"repeat","background-position":"center center","background-size":"auto","background-attachment":"scroll","background-type":"","background-media":"","overlay-type":"","overlay-color":"","overlay-opacity":"","overlay-gradient":""},"mobile":{"background-color":"","background-image":"","background-repeat":"repeat","background-position":"center center","background-size":"auto","background-attachment":"scroll","background-type":"","background-media":"","overlay-type":"","overlay-color":"","overlay-opacity":"","overlay-gradient":""}},"ast-content-background-meta":{"desktop":{"background-color":"var(--ast-global-color-5)","background-image":"","background-repeat":"repeat","background-position":"center center","background-size":"auto","background-attachment":"scroll","background-type":"","background-media":"","overlay-type":"","overlay-color":"","overlay-opacity":"","overlay-gradient":""},"tablet":{"background-color":"var(--ast-global-color-5)","background-image":"","background-repeat":"repeat","background-position":"center center","background-size":"auto","background-attachment":"scroll","background-type":"","background-media":"","overlay-type":"","overlay-color":"","overlay-opacity":"","overlay-gradient":""},"mobile":{"background-color":"var(--ast-global-color-5)","background-image":"","background-repeat":"repeat","background-position":"center center","background-size":"auto","background-attachment":"scroll","background-type":"","background-media":"","overlay-type":"","overlay-color":"","overlay-opacity":"","overlay-gradient":""}}},"product_brand":[],"product_cat":[65],"product_tag":[],"class_list":{"0":"post-6964","1":"product","2":"type-product","3":"status-publish","4":"has-post-thumbnail","6":"product_cat-dorucak","7":"desktop-align-center","8":"tablet-align-left","9":"mobile-align-left","11":"first","12":"instock","13":"taxable","14":"shipping-taxable","15":"purchasable","16":"product-type-simple"},"acf":[],"yoast_head":"<!-- This site is optimized with the Yoast SEO plugin v27.2 - https:\/\/yoast.com\/product\/yoast-seo-wordpress\/ -->\n<title>Donburi \u010dinija povr\u0107e &#187; Sushi bar Boketto<\/title>\n<meta name=\"robots\" content=\"index, follow, max-snippet:-1, max-image-preview:large, max-video-preview:-1\" \/>\n<link rel=\"canonical\" href=\"https:\/\/sushibarboketto.rs\/sr\/\u043f\u0440\u043e\u0438\u0437\u0432\u043e\u0434\/donburi-cinija-povrce\/\" \/>\n<meta property=\"og:locale\" content=\"sr_RS\" \/>\n<meta property=\"og:type\" content=\"article\" \/>\n<meta property=\"og:title\" content=\"Donburi \u010dinija povr\u0107e &#187; Sushi bar Boketto\" \/>\n<meta property=\"og:description\" content=\"Donburi je japansko jelo koje se sastoji od pirin\u010da poslu\u017eenog u zdjeli, preko kojeg se sla\u017ee raznovrsni nadev. Donburi \u010dinija s povr\u0107em (yasai don) obi\u010dno uklju\u010duje razne vrste povr\u0107a, obi\u010dno blago dinstano u soja sosu, mirinu (japansko slatko vino), i ostalim za\u010dinima. Ova jela su \u010desto ukra\u0161ena tanko rezanim povr\u0107em ili listovima algi (npr. nori), pru\u017eaju\u0107i ne samo bogatstvo ukusa ve\u0107 i vizualnu atraktivnost.\" \/>\n<meta property=\"og:url\" content=\"https:\/\/sushibarboketto.rs\/sr\/\u043f\u0440\u043e\u0438\u0437\u0432\u043e\u0434\/donburi-cinija-povrce\/\" \/>\n<meta property=\"og:site_name\" content=\"Sushi bar Boketto\" \/>\n<meta property=\"article:modified_time\" content=\"2024-07-11T10:57:28+00:00\" \/>\n<meta property=\"og:image\" content=\"https:\/\/sushibarboketto.rs\/wp-content\/uploads\/2024\/06\/donburi-dorucak-povrce-scaled.jpeg\" \/>\n\t<meta property=\"og:image:width\" content=\"2560\" \/>\n\t<meta property=\"og:image:height\" content=\"2560\" \/>\n\t<meta property=\"og:image:type\" content=\"image\/jpeg\" \/>\n<meta name=\"twitter:card\" content=\"summary_large_image\" \/>\n<meta name=\"twitter:label1\" content=\"\u041f\u0440\u043e\u0446\u0435\u045a\u0435\u043d\u043e \u0432\u0440\u0435\u043c\u0435 \u0447\u0438\u0442\u0430\u045a\u0430\" \/>\n\t<meta name=\"twitter:data1\" content=\"1 \u043c\u0438\u043d\u0443\u0442\" \/>\n<script type=\"application\/ld+json\" class=\"yoast-schema-graph\">{\"@context\":\"https:\/\/schema.org\",\"@graph\":[{\"@type\":\"WebPage\",\"@id\":\"https:\/\/sushibarboketto.rs\/product\/donburi-cinija-povrce\/\",\"url\":\"https:\/\/sushibarboketto.rs\/product\/donburi-cinija-povrce\/\",\"name\":\"Donburi \u010dinija povr\u0107e &#187; Sushi bar Boketto\",\"isPartOf\":{\"@id\":\"https:\/\/sushibarboketto.rs\/#website\"},\"primaryImageOfPage\":{\"@id\":\"https:\/\/sushibarboketto.rs\/product\/donburi-cinija-povrce\/#primaryimage\"},\"image\":{\"@id\":\"https:\/\/sushibarboketto.rs\/product\/donburi-cinija-povrce\/#primaryimage\"},\"thumbnailUrl\":\"https:\/\/sushibarboketto.rs\/wp-content\/uploads\/2024\/06\/donburi-dorucak-povrce-scaled.jpeg\",\"datePublished\":\"2024-06-16T13:37:46+00:00\",\"dateModified\":\"2024-07-11T10:57:28+00:00\",\"breadcrumb\":{\"@id\":\"https:\/\/sushibarboketto.rs\/product\/donburi-cinija-povrce\/#breadcrumb\"},\"inLanguage\":\"sr-RS\",\"potentialAction\":[{\"@type\":\"ReadAction\",\"target\":[\"https:\/\/sushibarboketto.rs\/product\/donburi-cinija-povrce\/\"]}]},{\"@type\":\"ImageObject\",\"inLanguage\":\"sr-RS\",\"@id\":\"https:\/\/sushibarboketto.rs\/product\/donburi-cinija-povrce\/#primaryimage\",\"url\":\"https:\/\/sushibarboketto.rs\/wp-content\/uploads\/2024\/06\/donburi-dorucak-povrce-scaled.jpeg\",\"contentUrl\":\"https:\/\/sushibarboketto.rs\/wp-content\/uploads\/2024\/06\/donburi-dorucak-povrce-scaled.jpeg\",\"width\":2560,\"height\":2560},{\"@type\":\"BreadcrumbList\",\"@id\":\"https:\/\/sushibarboketto.rs\/product\/donburi-cinija-povrce\/#breadcrumb\",\"itemListElement\":[{\"@type\":\"ListItem\",\"position\":1,\"name\":\"Home\",\"item\":\"https:\/\/sushibarboketto.rs\/\"},{\"@type\":\"ListItem\",\"position\":2,\"name\":\"Sushi rolnice\",\"item\":\"https:\/\/sushibarboketto.rs\/shop\/\"},{\"@type\":\"ListItem\",\"position\":3,\"name\":\"Donburi \u010dinija povr\u0107e\"}]},{\"@type\":\"WebSite\",\"@id\":\"https:\/\/sushibarboketto.rs\/#website\",\"url\":\"https:\/\/sushibarboketto.rs\/\",\"name\":\"Sushi bar Boketto\",\"description\":\"Japanski sushi restoran u Beogradu\",\"publisher\":{\"@id\":\"https:\/\/sushibarboketto.rs\/#organization\"},\"potentialAction\":[{\"@type\":\"SearchAction\",\"target\":{\"@type\":\"EntryPoint\",\"urlTemplate\":\"https:\/\/sushibarboketto.rs\/?s={search_term_string}\"},\"query-input\":{\"@type\":\"PropertyValueSpecification\",\"valueRequired\":true,\"valueName\":\"search_term_string\"}}],\"inLanguage\":\"sr-RS\"},{\"@type\":\"Organization\",\"@id\":\"https:\/\/sushibarboketto.rs\/#organization\",\"name\":\"Sushi bar Boketto\",\"url\":\"https:\/\/sushibarboketto.rs\/\",\"logo\":{\"@type\":\"ImageObject\",\"inLanguage\":\"sr-RS\",\"@id\":\"https:\/\/sushibarboketto.rs\/#\/schema\/logo\/image\/\",\"url\":\"https:\/\/sushibarboketto.rs\/wp-content\/uploads\/2021\/05\/boketto_logo_transparent_naked.png\",\"contentUrl\":\"https:\/\/sushibarboketto.rs\/wp-content\/uploads\/2021\/05\/boketto_logo_transparent_naked.png\",\"width\":1000,\"height\":679,\"caption\":\"Sushi bar Boketto\"},\"image\":{\"@id\":\"https:\/\/sushibarboketto.rs\/#\/schema\/logo\/image\/\"}}]}<\/script>\n<!-- \/ Yoast SEO plugin. -->","yoast_head_json":{"title":"Donburi \u010dinija povr\u0107e &#187; Sushi bar Boketto","robots":{"index":"index","follow":"follow","max-snippet":"max-snippet:-1","max-image-preview":"max-image-preview:large","max-video-preview":"max-video-preview:-1"},"canonical":"https:\/\/sushibarboketto.rs\/sr\/\u043f\u0440\u043e\u0438\u0437\u0432\u043e\u0434\/donburi-cinija-povrce\/","og_locale":"sr_RS","og_type":"article","og_title":"Donburi \u010dinija povr\u0107e &#187; Sushi bar Boketto","og_description":"Donburi je japansko jelo koje se sastoji od pirin\u010da poslu\u017eenog u zdjeli, preko kojeg se sla\u017ee raznovrsni nadev. Donburi \u010dinija s povr\u0107em (yasai don) obi\u010dno uklju\u010duje razne vrste povr\u0107a, obi\u010dno blago dinstano u soja sosu, mirinu (japansko slatko vino), i ostalim za\u010dinima. Ova jela su \u010desto ukra\u0161ena tanko rezanim povr\u0107em ili listovima algi (npr. nori), pru\u017eaju\u0107i ne samo bogatstvo ukusa ve\u0107 i vizualnu atraktivnost.","og_url":"https:\/\/sushibarboketto.rs\/sr\/\u043f\u0440\u043e\u0438\u0437\u0432\u043e\u0434\/donburi-cinija-povrce\/","og_site_name":"Sushi bar Boketto","article_modified_time":"2024-07-11T10:57:28+00:00","og_image":[{"width":2560,"height":2560,"url":"https:\/\/sushibarboketto.rs\/wp-content\/uploads\/2024\/06\/donburi-dorucak-povrce-scaled.jpeg","type":"image\/jpeg"}],"twitter_card":"summary_large_image","twitter_misc":{"\u041f\u0440\u043e\u0446\u0435\u045a\u0435\u043d\u043e \u0432\u0440\u0435\u043c\u0435 \u0447\u0438\u0442\u0430\u045a\u0430":"1 \u043c\u0438\u043d\u0443\u0442"},"schema":{"@context":"https:\/\/schema.org","@graph":[{"@type":"WebPage","@id":"https:\/\/sushibarboketto.rs\/product\/donburi-cinija-povrce\/","url":"https:\/\/sushibarboketto.rs\/product\/donburi-cinija-povrce\/","name":"Donburi \u010dinija povr\u0107e &#187; Sushi bar Boketto","isPartOf":{"@id":"https:\/\/sushibarboketto.rs\/#website"},"primaryImageOfPage":{"@id":"https:\/\/sushibarboketto.rs\/product\/donburi-cinija-povrce\/#primaryimage"},"image":{"@id":"https:\/\/sushibarboketto.rs\/product\/donburi-cinija-povrce\/#primaryimage"},"thumbnailUrl":"https:\/\/sushibarboketto.rs\/wp-content\/uploads\/2024\/06\/donburi-dorucak-povrce-scaled.jpeg","datePublished":"2024-06-16T13:37:46+00:00","dateModified":"2024-07-11T10:57:28+00:00","breadcrumb":{"@id":"https:\/\/sushibarboketto.rs\/product\/donburi-cinija-povrce\/#breadcrumb"},"inLanguage":"sr-RS","potentialAction":[{"@type":"ReadAction","target":["https:\/\/sushibarboketto.rs\/product\/donburi-cinija-povrce\/"]}]},{"@type":"ImageObject","inLanguage":"sr-RS","@id":"https:\/\/sushibarboketto.rs\/product\/donburi-cinija-povrce\/#primaryimage","url":"https:\/\/sushibarboketto.rs\/wp-content\/uploads\/2024\/06\/donburi-dorucak-povrce-scaled.jpeg","contentUrl":"https:\/\/sushibarboketto.rs\/wp-content\/uploads\/2024\/06\/donburi-dorucak-povrce-scaled.jpeg","width":2560,"height":2560},{"@type":"BreadcrumbList","@id":"https:\/\/sushibarboketto.rs\/product\/donburi-cinija-povrce\/#breadcrumb","itemListElement":[{"@type":"ListItem","position":1,"name":"Home","item":"https:\/\/sushibarboketto.rs\/"},{"@type":"ListItem","position":2,"name":"Sushi rolnice","item":"https:\/\/sushibarboketto.rs\/shop\/"},{"@type":"ListItem","position":3,"name":"Donburi \u010dinija povr\u0107e"}]},{"@type":"WebSite","@id":"https:\/\/sushibarboketto.rs\/#website","url":"https:\/\/sushibarboketto.rs\/","name":"Sushi bar Boketto","description":"Japanski sushi restoran u Beogradu","publisher":{"@id":"https:\/\/sushibarboketto.rs\/#organization"},"potentialAction":[{"@type":"SearchAction","target":{"@type":"EntryPoint","urlTemplate":"https:\/\/sushibarboketto.rs\/?s={search_term_string}"},"query-input":{"@type":"PropertyValueSpecification","valueRequired":true,"valueName":"search_term_string"}}],"inLanguage":"sr-RS"},{"@type":"Organization","@id":"https:\/\/sushibarboketto.rs\/#organization","name":"Sushi bar Boketto","url":"https:\/\/sushibarboketto.rs\/","logo":{"@type":"ImageObject","inLanguage":"sr-RS","@id":"https:\/\/sushibarboketto.rs\/#\/schema\/logo\/image\/","url":"https:\/\/sushibarboketto.rs\/wp-content\/uploads\/2021\/05\/boketto_logo_transparent_naked.png","contentUrl":"https:\/\/sushibarboketto.rs\/wp-content\/uploads\/2021\/05\/boketto_logo_transparent_naked.png","width":1000,"height":679,"caption":"Sushi bar Boketto"},"image":{"@id":"https:\/\/sushibarboketto.rs\/#\/schema\/logo\/image\/"}}]}},"_links":{"self":[{"href":"https:\/\/sushibarboketto.rs\/sr\/wp-json\/wp\/v2\/product\/6964","targetHints":{"allow":["GET"]}}],"collection":[{"href":"https:\/\/sushibarboketto.rs\/sr\/wp-json\/wp\/v2\/product"}],"about":[{"href":"https:\/\/sushibarboketto.rs\/sr\/wp-json\/wp\/v2\/types\/product"}],"wp:featuredmedia":[{"embeddable":true,"href":"https:\/\/sushibarboketto.rs\/sr\/wp-json\/wp\/v2\/media\/6965"}],"wp:attachment":[{"href":"https:\/\/sushibarboketto.rs\/sr\/wp-json\/wp\/v2\/media?parent=6964"}],"wp:term":[{"taxonomy":"product_brand","embeddable":true,"href":"https:\/\/sushibarboketto.rs\/sr\/wp-json\/wp\/v2\/product_brand?post=6964"},{"taxonomy":"product_cat","embeddable":true,"href":"https:\/\/sushibarboketto.rs\/sr\/wp-json\/wp\/v2\/product_cat?post=6964"},{"taxonomy":"product_tag","embeddable":true,"href":"https:\/\/sushibarboketto.rs\/sr\/wp-json\/wp\/v2\/product_tag?post=6964"}],"curies":[{"name":"wp","href":"https:\/\/api.w.org\/{rel}","templated":true}]}}